{"id":2,"date":"2023-01-25T12:32:10","date_gmt":"2023-01-25T12:32:10","guid":{"rendered":"http:\/\/zaldiene.com\/?page_id=2"},"modified":"2025-10-09T05:25:05","modified_gmt":"2025-10-09T05:25:05","slug":"zaldiene","status":"publish","type":"page","link":"https:\/\/zaldiene.com\/","title":{"rendered":"ZALDI ENE, por Arrate Izaguirre"},"content":{"rendered":"\t\t<div data-elementor-type=\"wp-page\" data-elementor-id=\"2\" class=\"elementor elementor-2\">\n\t\t\t\t<div class=\"elementor-element elementor-element-2353e553 e-flex e-con-boxed e-con e-parent\" data-id=\"2353e553\" data-element_type=\"container\" data-e-type=\"container\">\n\t\t\t\t\t<div class=\"e-con-inner\">\n\t\t\t\t<div class=\"elementor-element elementor-element-71d5a781 elementor-widget elementor-widget-text-editor\" data-id=\"71d5a781\" data-element_type=\"widget\" data-e-type=\"widget\" data-widget_type=\"text-editor.default\">\n\t\t\t\t\t\t\t\t\t<p style=\"text-align: center;\"><span style=\"font-style: inherit; font-weight: inherit;\">Esta p\u00e1gina estar\u00e1 disponible muy pronto.<\/span><\/p><p style=\"text-align: center;\">Y&#8230;<\/p><p><!-- \/wp:paragraph --><\/p>\t\t\t\t\t\t\t\t<\/div>\n\t\t\t\t<div class=\"elementor-element elementor-element-da967ae elementor-widget elementor-widget-text-editor\" data-id=\"da967ae\" data-element_type=\"widget\" data-e-type=\"widget\" data-widget_type=\"text-editor.default\">\n\t\t\t\t\t\t\t\t\t<h4 style=\"text-align: center;\">si crees que<\/h4>\n<p><!-- \/wp:paragraph --><\/p>\t\t\t\t\t\t\t\t<\/div>\n\t\t\t\t<div class=\"elementor-element elementor-element-4564807 elementor-widget elementor-widget-heading\" data-id=\"4564807\" data-element_type=\"widget\" data-e-type=\"widget\" data-widget_type=\"heading.default\">\n\t\t\t\t\t<h1 class=\"elementor-heading-title elementor-size-default\">TU CABALLO<\/h1>\t\t\t\t<\/div>\n\t\t\t\t<div class=\"elementor-element elementor-element-1f022d5 elementor-widget elementor-widget-text-editor\" data-id=\"1f022d5\" data-element_type=\"widget\" data-e-type=\"widget\" data-widget_type=\"text-editor.default\">\n\t\t\t\t\t\t\t\t\t<h4 style=\"text-align: center;\"><span style=\"font-style: inherit; font-weight: inherit;\">es\u00a0<\/span><span style=\"font-style: inherit; font-weight: inherit;\">importante,<\/span><\/h4>\n<p><!-- \/wp:paragraph --><\/p>\t\t\t\t\t\t\t\t<\/div>\n\t\t\t\t<div class=\"elementor-element elementor-element-5c9568c elementor-widget elementor-widget-text-editor\" data-id=\"5c9568c\" data-element_type=\"widget\" data-e-type=\"widget\" data-widget_type=\"text-editor.default\">\n\t\t\t\t\t\t\t\t\t<h2 style=\"text-align: center;\">deber\u00edas estar atento.<\/h2>\n<p><!-- \/wp:paragraph --><\/p>\t\t\t\t\t\t\t\t<\/div>\n\t\t\t\t<div class=\"elementor-element elementor-element-88377ad elementor-widget elementor-widget-image\" data-id=\"88377ad\" data-element_type=\"widget\" data-e-type=\"widget\" data-widget_type=\"image.default\">\n\t\t\t\t\t\t\t\t\t\t\t\t\t\t\t<img decoding=\"async\" src=\"https:\/\/zaldiene.com\/wp-content\/uploads\/elementor\/thumbs\/IMG_4562-scaled-rcx5719a9i9wq7aa2bufw6bxh7dwwy8xlee2twm0hs.jpeg\" title=\"Zaldi ene\" alt=\"Zaldi ene\" loading=\"lazy\" \/>\t\t\t\t\t\t\t\t\t\t\t\t\t\t\t<\/div>\n\t\t\t\t<div class=\"elementor-element elementor-element-22cc210 elementor-widget elementor-widget-text-editor\" data-id=\"22cc210\" data-element_type=\"widget\" data-e-type=\"widget\" data-widget_type=\"text-editor.default\">\n\t\t\t\t\t\t\t\t\t<p>\u00bfNo crees que Zaldi Ene sea para tu caballo?<\/p>\n<p>Pues a lo mejor tienes raz\u00f3n.<br>Zaldi ene no es para ti si crees en el manejo de un caballo desde la autoridad que te da ser humano.<\/p>\n<p>En cambio, si ves a tu caballo como tu compa\u00f1ero, bienvenida.<\/p>\n<p>Est\u00e1s en tu casa.<\/p>\n<p><br><\/p><p>Mientras terminamos la p\u00e1gina puedes conocer un poco a Arrate.<\/p>\n<p>Esta es una entrevista que le hicieron en Ariwake en octubre de 2019.<\/p>\n<p>Aunque Arrate ya no es la misma.<\/p>\n<p>Han pasado 6 a\u00f1os de esa entrevista.<\/p>\n<p>Y decenas de caballos, de cursos, de experiencias&#8230;<\/p>\n<p>De conexi\u00f3n con algo m\u00e1s grande que t\u00fa y que ella.<\/p>\n<p><br><\/p>\n<p>As\u00ed que aunque Arrate no sea la misma, te puedes hacer una idea de por qu\u00e9 s\u00ed es lo que quieres para tu caballo.<\/p>\t\t\t\t\t\t\t\t<\/div>\n\t\t\t\t<div class=\"elementor-element elementor-element-b0753ca elementor-widget elementor-widget-video\" data-id=\"b0753ca\" data-element_type=\"widget\" data-e-type=\"widget\" data-settings=\"{&quot;youtube_url&quot;:&quot;https:\\\/\\\/www.youtube.com\\\/watch?v=sEmhw1oFxvU&quot;,&quot;cc_load_policy&quot;:&quot;yes&quot;,&quot;video_type&quot;:&quot;youtube&quot;,&quot;controls&quot;:&quot;yes&quot;}\" data-widget_type=\"video.default\">\n\t\t\t\t\t\t\t<div class=\"elementor-wrapper elementor-open-inline\">\n\t\t\t<div class=\"elementor-video\"><\/div>\t\t<\/div>\n\t\t\t\t\t\t<\/div>\n\t\t\t\t\t<\/div>\n\t\t\t\t<\/div>\n\t\t\t\t<\/div>\n\t\t","protected":false},"excerpt":{"rendered":"<p>Esta p\u00e1gina estar\u00e1 disponible muy pronto. Y&#8230; si crees que TU CABALLO es\u00a0importante, deber\u00edas estar atento. \u00bfNo crees que Zaldi [&hellip;]<\/p>\n","protected":false},"author":1,"featured_media":0,"parent":0,"menu_order":0,"comment_status":"closed","ping_status":"closed","template":"","meta":{"site-sidebar-layout":"default","site-content-layout":"","ast-site-content-layout":"default","site-content-style":"default","site-sidebar-style":"default","ast-global-header-display":"","ast-banner-title-visibility":"","ast-main-header-display":"","ast-hfb-above-header-display":"","ast-hfb-below-header-display":"","ast-hfb-mobile-header-display":"","site-post-title":"","ast-breadcrumbs-content":"","ast-featured-img":"","footer-sml-layout":"","ast-disable-related-posts":"","theme-transparent-header-meta":"","adv-header-id-meta":"","stick-header-meta":"","header-above-stick-meta":"","header-main-stick-meta":"","header-below-stick-meta":"","astra-migrate-meta-layouts":"default","ast-page-background-enabled":"default","ast-page-background-meta":{"desktop":{"background-color":"var(--ast-global-color-5)","background-image":"","background-repeat":"repeat","background-position":"center center","background-size":"auto","background-attachment":"scroll","background-type":"","background-media":"","overlay-type":"","overlay-color":"","overlay-opacity":"","overlay-gradient":""},"tablet":{"background-color":"","background-image":"","background-repeat":"repeat","background-position":"center center","background-size":"auto","background-attachment":"scroll","background-type":"","background-media":"","overlay-type":"","overlay-color":"","overlay-opacity":"","overlay-gradient":""},"mobile":{"background-color":"","background-image":"","background-repeat":"repeat","background-position":"center center","background-size":"auto","background-attachment":"scroll","background-type":"","background-media":"","overlay-type":"","overlay-color":"","overlay-opacity":"","overlay-gradient":""}},"ast-content-background-meta":{"desktop":{"background-color":"var(--ast-global-color-4)","background-image":"","background-repeat":"repeat","background-position":"center center","background-size":"auto","background-attachment":"scroll","background-type":"","background-media":"","overlay-type":"","overlay-color":"","overlay-opacity":"","overlay-gradient":""},"tablet":{"background-color":"var(--ast-global-color-4)","background-image":"","background-repeat":"repeat","background-position":"center center","background-size":"auto","background-attachment":"scroll","background-type":"","background-media":"","overlay-type":"","overlay-color":"","overlay-opacity":"","overlay-gradient":""},"mobile":{"background-color":"var(--ast-global-color-4)","background-image":"","background-repeat":"repeat","background-position":"center center","background-size":"auto","background-attachment":"scroll","background-type":"","background-media":"","overlay-type":"","overlay-color":"","overlay-opacity":"","overlay-gradient":""}},"footnotes":""},"class_list":["post-2","page","type-page","status-publish","hentry"],"yoast_head":"<!-- This site is optimized with the Yoast SEO plugin v27.4 - https:\/\/yoast.com\/product\/yoast-seo-wordpress\/ -->\n<title>Zaldi ene<\/title>\n<meta name=\"description\" content=\"Si tu caballo es importante, zaldi ene es tu lugar.\" \/>\n<meta name=\"robots\" content=\"index, follow, max-snippet:-1, max-image-preview:large, max-video-preview:-1\" \/>\n<link rel=\"canonical\" href=\"https:\/\/zaldiene.com\/\" \/>\n<meta property=\"og:locale\" content=\"es_ES\" \/>\n<meta property=\"og:type\" content=\"article\" \/>\n<meta property=\"og:title\" content=\"Zaldi ene\" \/>\n<meta property=\"og:description\" content=\"Si tu caballo es importante, zaldi ene es tu lugar.\" \/>\n<meta property=\"og:url\" content=\"https:\/\/zaldiene.com\/\" \/>\n<meta property=\"article:modified_time\" content=\"2025-10-09T05:25:05+00:00\" \/>\n<meta property=\"og:image\" content=\"https:\/\/zaldiene.com\/wp-content\/uploads\/elementor\/thumbs\/IMG_4562-scaled-rcx5719a9i9wq7aa2bufw6bxh7dwwy8xlee2twm0hs.jpeg\" \/>\n<meta name=\"twitter:card\" content=\"summary_large_image\" \/>\n<meta name=\"twitter:label1\" content=\"Tiempo de lectura\" \/>\n\t<meta name=\"twitter:data1\" content=\"1 minuto\" \/>\n<script type=\"application\/ld+json\" class=\"yoast-schema-graph\">{\"@context\":\"https:\\\/\\\/schema.org\",\"@graph\":[{\"@type\":\"WebPage\",\"@id\":\"https:\\\/\\\/zaldiene.com\\\/\",\"url\":\"https:\\\/\\\/zaldiene.com\\\/\",\"name\":\"Zaldi ene\",\"isPartOf\":{\"@id\":\"https:\\\/\\\/zaldiene.com\\\/#website\"},\"primaryImageOfPage\":{\"@id\":\"https:\\\/\\\/zaldiene.com\\\/#primaryimage\"},\"image\":{\"@id\":\"https:\\\/\\\/zaldiene.com\\\/#primaryimage\"},\"thumbnailUrl\":\"https:\\\/\\\/zaldiene.com\\\/wp-content\\\/uploads\\\/elementor\\\/thumbs\\\/IMG_4562-scaled-rcx5719a9i9wq7aa2bufw6bxh7dwwy8xlee2twm0hs.jpeg\",\"datePublished\":\"2023-01-25T12:32:10+00:00\",\"dateModified\":\"2025-10-09T05:25:05+00:00\",\"description\":\"Si tu caballo es importante, zaldi ene es tu lugar.\",\"breadcrumb\":{\"@id\":\"https:\\\/\\\/zaldiene.com\\\/#breadcrumb\"},\"inLanguage\":\"es\",\"potentialAction\":[{\"@type\":\"ReadAction\",\"target\":[\"https:\\\/\\\/zaldiene.com\\\/\"]}]},{\"@type\":\"ImageObject\",\"inLanguage\":\"es\",\"@id\":\"https:\\\/\\\/zaldiene.com\\\/#primaryimage\",\"url\":\"https:\\\/\\\/zaldiene.com\\\/wp-content\\\/uploads\\\/elementor\\\/thumbs\\\/IMG_4562-scaled-rcx5719a9i9wq7aa2bufw6bxh7dwwy8xlee2twm0hs.jpeg\",\"contentUrl\":\"https:\\\/\\\/zaldiene.com\\\/wp-content\\\/uploads\\\/elementor\\\/thumbs\\\/IMG_4562-scaled-rcx5719a9i9wq7aa2bufw6bxh7dwwy8xlee2twm0hs.jpeg\"},{\"@type\":\"BreadcrumbList\",\"@id\":\"https:\\\/\\\/zaldiene.com\\\/#breadcrumb\",\"itemListElement\":[{\"@type\":\"ListItem\",\"position\":1,\"name\":\"Portada\",\"item\":\"https:\\\/\\\/zaldiene.com\\\/\"},{\"@type\":\"ListItem\",\"position\":2,\"name\":\"ZALDI ENE, por Arrate Izaguirre\"}]},{\"@type\":\"WebSite\",\"@id\":\"https:\\\/\\\/zaldiene.com\\\/#website\",\"url\":\"https:\\\/\\\/zaldiene.com\\\/\",\"name\":\"\",\"description\":\"Si tu caballo te importa, es aqu\u00ed\",\"potentialAction\":[{\"@type\":\"SearchAction\",\"target\":{\"@type\":\"EntryPoint\",\"urlTemplate\":\"https:\\\/\\\/zaldiene.com\\\/?s={search_term_string}\"},\"query-input\":{\"@type\":\"PropertyValueSpecification\",\"valueRequired\":true,\"valueName\":\"search_term_string\"}}],\"inLanguage\":\"es\"}]}<\/script>\n<!-- \/ Yoast SEO plugin. -->","yoast_head_json":{"title":"Zaldi ene","description":"Si tu caballo es importante, zaldi ene es tu lugar.","robots":{"index":"index","follow":"follow","max-snippet":"max-snippet:-1","max-image-preview":"max-image-preview:large","max-video-preview":"max-video-preview:-1"},"canonical":"https:\/\/zaldiene.com\/","og_locale":"es_ES","og_type":"article","og_title":"Zaldi ene","og_description":"Si tu caballo es importante, zaldi ene es tu lugar.","og_url":"https:\/\/zaldiene.com\/","article_modified_time":"2025-10-09T05:25:05+00:00","og_image":[{"url":"https:\/\/zaldiene.com\/wp-content\/uploads\/elementor\/thumbs\/IMG_4562-scaled-rcx5719a9i9wq7aa2bufw6bxh7dwwy8xlee2twm0hs.jpeg","type":"","width":"","height":""}],"twitter_card":"summary_large_image","twitter_misc":{"Tiempo de lectura":"1 minuto"},"schema":{"@context":"https:\/\/schema.org","@graph":[{"@type":"WebPage","@id":"https:\/\/zaldiene.com\/","url":"https:\/\/zaldiene.com\/","name":"Zaldi ene","isPartOf":{"@id":"https:\/\/zaldiene.com\/#website"},"primaryImageOfPage":{"@id":"https:\/\/zaldiene.com\/#primaryimage"},"image":{"@id":"https:\/\/zaldiene.com\/#primaryimage"},"thumbnailUrl":"https:\/\/zaldiene.com\/wp-content\/uploads\/elementor\/thumbs\/IMG_4562-scaled-rcx5719a9i9wq7aa2bufw6bxh7dwwy8xlee2twm0hs.jpeg","datePublished":"2023-01-25T12:32:10+00:00","dateModified":"2025-10-09T05:25:05+00:00","description":"Si tu caballo es importante, zaldi ene es tu lugar.","breadcrumb":{"@id":"https:\/\/zaldiene.com\/#breadcrumb"},"inLanguage":"es","potentialAction":[{"@type":"ReadAction","target":["https:\/\/zaldiene.com\/"]}]},{"@type":"ImageObject","inLanguage":"es","@id":"https:\/\/zaldiene.com\/#primaryimage","url":"https:\/\/zaldiene.com\/wp-content\/uploads\/elementor\/thumbs\/IMG_4562-scaled-rcx5719a9i9wq7aa2bufw6bxh7dwwy8xlee2twm0hs.jpeg","contentUrl":"https:\/\/zaldiene.com\/wp-content\/uploads\/elementor\/thumbs\/IMG_4562-scaled-rcx5719a9i9wq7aa2bufw6bxh7dwwy8xlee2twm0hs.jpeg"},{"@type":"BreadcrumbList","@id":"https:\/\/zaldiene.com\/#breadcrumb","itemListElement":[{"@type":"ListItem","position":1,"name":"Portada","item":"https:\/\/zaldiene.com\/"},{"@type":"ListItem","position":2,"name":"ZALDI ENE, por Arrate Izaguirre"}]},{"@type":"WebSite","@id":"https:\/\/zaldiene.com\/#website","url":"https:\/\/zaldiene.com\/","name":"","description":"Si tu caballo te importa, es aqu\u00ed","potentialAction":[{"@type":"SearchAction","target":{"@type":"EntryPoint","urlTemplate":"https:\/\/zaldiene.com\/?s={search_term_string}"},"query-input":{"@type":"PropertyValueSpecification","valueRequired":true,"valueName":"search_term_string"}}],"inLanguage":"es"}]}},"_links":{"self":[{"href":"https:\/\/zaldiene.com\/index.php\/wp-json\/wp\/v2\/pages\/2","targetHints":{"allow":["GET"]}}],"collection":[{"href":"https:\/\/zaldiene.com\/index.php\/wp-json\/wp\/v2\/pages"}],"about":[{"href":"https:\/\/zaldiene.com\/index.php\/wp-json\/wp\/v2\/types\/page"}],"author":[{"embeddable":true,"href":"https:\/\/zaldiene.com\/index.php\/wp-json\/wp\/v2\/users\/1"}],"replies":[{"embeddable":true,"href":"https:\/\/zaldiene.com\/index.php\/wp-json\/wp\/v2\/comments?post=2"}],"version-history":[{"count":39,"href":"https:\/\/zaldiene.com\/index.php\/wp-json\/wp\/v2\/pages\/2\/revisions"}],"predecessor-version":[{"id":54,"href":"https:\/\/zaldiene.com\/index.php\/wp-json\/wp\/v2\/pages\/2\/revisions\/54"}],"wp:attachment":[{"href":"https:\/\/zaldiene.com\/index.php\/wp-json\/wp\/v2\/media?parent=2"}],"curies":[{"name":"wp","href":"https:\/\/api.w.org\/{rel}","templated":true}]}}